{"id":3548,"date":"2021-11-13T13:31:36","date_gmt":"2021-11-13T12:31:36","guid":{"rendered":"http:\/\/francevietnamgolf.fr\/?page_id=3548"},"modified":"2025-12-28T20:00:53","modified_gmt":"2025-12-28T19:00:53","slug":"qui-sommes-nous","status":"publish","type":"page","link":"https:\/\/francevietnamgolf.fr\/vi\/qui-sommes-nous","title":{"rendered":"Gi\u1edbi thi\u1ec7u"},"content":{"rendered":"\n<p>Hi\u1ec7p h\u1ed9i Golf Ph\u00e1p Vi\u1ec7t Nam (FVGA) l\u00e0 m\u1ed9t hi\u1ec7p h\u1ed9i th\u1ec3 thao phi l\u1ee3i nhu\u1eadn (lu\u1eadt n\u0103m 1901,<a href=\"http:\/\/francevietnamgolf.fr\/wp-content\/uploads\/2021\/11\/2014_JOAFE_PDF_Unitaire_20140041_01561.pdf\"> Journal officiel n\u00b01561<\/a>) v\u1edbi m\u1ee5c \u0111\u00edch t\u1eadp h\u1ee3p c\u00e1c g\u00f4n th\u1ee7 Ph\u00e1p v\u00e0 Vi\u1ec7t Nam \u0111\u1ec3 th\u00fac \u0111\u1ea9y, ph\u00e1t tri\u1ec3n, t\u1ed5 ch\u1ee9c c\u00e1c s\u1ef1 ki\u1ec7n th\u1ec3 thao g\u00f4n tr\u00ean tinh th\u1ea7n h\u00f2a \u0111\u1ed3ng, huynh \u0111\u1ec7, \u0111o\u00e0n k\u1ebft gi\u1eefa c\u00e1c th\u00e0nh vi\u00ean kh\u00e1c nhau v\u00e0 c\u00e1c hi\u1ec7p h\u1ed9i ho\u1eb7c c\u00e2u l\u1ea1c b\u1ed9 th\u1ec3 thao kh\u00e1c c\u00f3 c\u00f9ng m\u1ee5c ti\u00eau v\u00e0 nguy\u1ec7n v\u1ecdng \u1edf Ph\u00e1p v\u00e0 \u1edf c\u00e1c qu\u1ed1c gia tr\u00ean th\u1ebf gi\u1edbi.<\/p>\n<p>M\u1ecdi c\u00e2u h\u1ecfi l\u00ean quan \u0111\u1ebfn hi\u1ec7p h\u1ed9i c\u1ee7a ch\u00fang t\u00f4i, b\u1ea1n c\u00f3 th\u1ec3 li\u00ean h\u1ec7: <a href=\"mailto:bureau@francevietnamgolf.fr\">bureau@francevietnamgolf.fr<\/a><\/p>\n","protected":false},"excerpt":{"rendered":"<p>Hi\u1ec7p h\u1ed9i Golf Ph\u00e1p Vi\u1ec7t Nam (FVGA) l\u00e0 m\u1ed9t hi\u1ec7p h\u1ed9i th\u1ec3 thao phi l\u1ee3i nhu\u1eadn (lu\u1eadt n\u0103m 1901, Journal officiel n\u00b01561) v\u1edbi m\u1ee5c \u0111\u00edch t\u1eadp h\u1ee3p c\u00e1c g\u00f4n th\u1ee7 <a class=\"more-link\" href=\"https:\/\/francevietnamgolf.fr\/vi\/qui-sommes-nous\">En savoir plus \u2192<\/a><\/p>\n","protected":false},"author":24,"featured_media":0,"parent":0,"menu_order":0,"comment_status":"closed","ping_status":"closed","template":"","meta":{"_bbp_topic_count":0,"_bbp_reply_count":0,"_bbp_total_topic_count":0,"_bbp_total_reply_count":0,"_bbp_voice_count":0,"_bbp_anonymous_reply_count":0,"_bbp_topic_count_hidden":0,"_bbp_reply_count_hidden":0,"_bbp_forum_subforum_count":0,"ngg_post_thumbnail":0,"_mc_calendar":[],"footnotes":""},"class_list":["post-3548","page","type-page","status-publish","hentry"],"translation":{"provider":"WPGlobus","version":"3.0.0","language":"vi","enabled_languages":["fr","vi"],"languages":{"fr":{"title":true,"content":true,"excerpt":false},"vi":{"title":true,"content":true,"excerpt":false}}},"_links":{"self":[{"href":"https:\/\/francevietnamgolf.fr\/vi\/wp-json\/wp\/v2\/pages\/3548","targetHints":{"allow":["GET"]}}],"collection":[{"href":"https:\/\/francevietnamgolf.fr\/vi\/wp-json\/wp\/v2\/pages"}],"about":[{"href":"https:\/\/francevietnamgolf.fr\/vi\/wp-json\/wp\/v2\/types\/page"}],"author":[{"embeddable":true,"href":"https:\/\/francevietnamgolf.fr\/vi\/wp-json\/wp\/v2\/users\/24"}],"replies":[{"embeddable":true,"href":"https:\/\/francevietnamgolf.fr\/vi\/wp-json\/wp\/v2\/comments?post=3548"}],"version-history":[{"count":10,"href":"https:\/\/francevietnamgolf.fr\/vi\/wp-json\/wp\/v2\/pages\/3548\/revisions"}],"predecessor-version":[{"id":4094,"href":"https:\/\/francevietnamgolf.fr\/vi\/wp-json\/wp\/v2\/pages\/3548\/revisions\/4094"}],"wp:attachment":[{"href":"https:\/\/francevietnamgolf.fr\/vi\/wp-json\/wp\/v2\/media?parent=3548"}],"curies":[{"name":"wp","href":"https:\/\/api.w.org\/{rel}","templated":true}]}}