{"id":60,"date":"2018-03-20T22:06:56","date_gmt":"2018-03-20T21:06:56","guid":{"rendered":"http:\/\/francevietnamgolf.fr\/register"},"modified":"2018-03-30T14:35:37","modified_gmt":"2018-03-30T13:35:37","slug":"register","status":"publish","type":"page","link":"http:\/\/francevietnamgolf.fr\/vi\/compte\/register","title":{"rendered":"\u0110\u0103ng k\u00fd"},"content":{"rendered":"\n<div class=\"um um-register um-52\">\n\t<div class=\"um-form\" data-mode=\"register\">\n\t\t<form method=\"post\" action=\"\">\n\t\t\t<div class=\"um-row _um_row_1 \" style=\"margin: 0 0 30px 0;\"><div class=\"um-col-1\"><div  id=\"um_field_52_user_login\" class=\"um-field um-field-text  um-field-user_login um-field-text um-field-type_text\" data-key=\"user_login\"><div class=\"um-field-label\"><label for=\"user_login-52\">T\u00ean \u0111\u0103ng nh\u1eadp<\/label><div class=\"um-clear\"><\/div><\/div><div class=\"um-field-area\"><input  autocomplete=\"off\" class=\"um-form-field valid \" type=\"text\" name=\"user_login-52\" id=\"user_login-52\" value=\"\" placeholder=\"obligatoire\" data-validate=\"unique_username\" data-key=\"user_login\"  aria-invalid=\"false\" \/>\n\n\t\t\t\t\t\t<\/div><\/div><div  id=\"um_field_52_first_name\" class=\"um-field um-field-text  um-field-first_name um-field-text um-field-type_text\" data-key=\"first_name\"><div class=\"um-field-label\"><label for=\"first_name-52\">T\u00ean<\/label><div class=\"um-clear\"><\/div><\/div><div class=\"um-field-area\"><input  autocomplete=\"off\" class=\"um-form-field valid \" type=\"text\" name=\"first_name-52\" id=\"first_name-52\" value=\"\" placeholder=\"obligatoire\" data-validate=\"\" data-key=\"first_name\"  aria-invalid=\"false\" \/>\n\n\t\t\t\t\t\t<\/div><\/div><div  id=\"um_field_52_last_name\" class=\"um-field um-field-text  um-field-last_name um-field-text um-field-type_text\" data-key=\"last_name\"><div class=\"um-field-label\"><label for=\"last_name-52\">H\u1ecd<\/label><div class=\"um-clear\"><\/div><\/div><div class=\"um-field-area\"><input  autocomplete=\"off\" class=\"um-form-field valid \" type=\"text\" name=\"last_name-52\" id=\"last_name-52\" value=\"\" placeholder=\"obligatoire\" data-validate=\"\" data-key=\"last_name\"  aria-invalid=\"false\" \/>\n\n\t\t\t\t\t\t<\/div><\/div><div  id=\"um_field_52_user_email\" class=\"um-field um-field-text  um-field-user_email um-field-text um-field-type_text\" data-key=\"user_email\"><div class=\"um-field-label\"><label for=\"user_email-52\">\u0110\u1ecba ch\u1ec9 E-mail<\/label><div class=\"um-clear\"><\/div><\/div><div class=\"um-field-area\"><input  autocomplete=\"off\" class=\"um-form-field valid \" type=\"text\" name=\"user_email-52\" id=\"user_email-52\" value=\"\" placeholder=\"obligatoire\" data-validate=\"unique_email\" data-key=\"user_email\"  aria-invalid=\"false\" \/>\n\n\t\t\t\t\t\t<\/div><\/div><div  id=\"um_field_52_user_password\" class=\"um-field um-field-password  um-field-user_password um-field-password um-field-type_password\" data-key=\"user_password\"><div class=\"um-field-label\"><label for=\"user_password-52\">M\u1eadt kh\u1ea9u<\/label><div class=\"um-clear\"><\/div><\/div><div class=\"um-field-area\"><input class=\"um-form-field valid \" type=\"password\" name=\"user_password-52\" id=\"user_password-52\" value=\"\" placeholder=\"obligatoire\" data-validate=\"\" data-key=\"user_password\"  aria-invalid=\"false\" \/>\n\n\t\t\t\t\t\t\t<\/div><\/div><div  id=\"um_field_52_confirm_user_password\" class=\"um-field um-field-password  um-field-user_password um-field-password um-field-type_password\" data-key=\"confirm_user_password\"><div class=\"um-field-label\"><label for=\"confirm_user_password-52\">Ki\u1ec3m tra m\u1eadt kh\u1ea9u<\/label><div class=\"um-clear\"><\/div><\/div><div class=\"um-field-area\"><input class=\"um-form-field valid \" type=\"password\" name=\"confirm_user_password-52\" id=\"confirm_user_password-52\" value=\"\" placeholder=\"Ki\u1ec3m tra m\u1eadt kh\u1ea9u\" data-validate=\"\" data-key=\"confirm_user_password\"  aria-invalid=\"false\" \/><\/div><\/div><div  id=\"um_field_52_last_name_7\" class=\"um-field um-field-text  um-field-last_name_7 um-field-text um-field-type_text\" data-key=\"last_name_7\"><div class=\"um-field-label\"><label for=\"last_name_7-52\">N\u00b0 Licence<\/label><div class=\"um-clear\"><\/div><\/div><div class=\"um-field-area\"><input  autocomplete=\"off\" class=\"um-form-field valid \" type=\"text\" name=\"last_name_7-52\" id=\"last_name_7-52\" value=\"\" placeholder=\"obligatoire\" data-validate=\"\" data-key=\"last_name_7\"  aria-invalid=\"false\" \/>\n\n\t\t\t\t\t\t<\/div><\/div><div  id=\"um_field_52_last_name_8\" class=\"um-field um-field-text  um-field-last_name_8 um-field-text um-field-type_text\" data-key=\"last_name_8\"><div class=\"um-field-label\"><label for=\"last_name_8-52\">Handicap<\/label><div class=\"um-clear\"><\/div><\/div><div class=\"um-field-area\"><input  autocomplete=\"off\" class=\"um-form-field valid \" type=\"text\" name=\"last_name_8-52\" id=\"last_name_8-52\" value=\"\" placeholder=\"\" data-validate=\"\" data-key=\"last_name_8\"  aria-invalid=\"false\" \/>\n\n\t\t\t\t\t\t<\/div><\/div><div  id=\"um_field_52_last_name_8_13\" class=\"um-field um-field-text  um-field-last_name_8_13 um-field-text um-field-type_text\" data-key=\"last_name_8_13\"><div class=\"um-field-label\"><label for=\"last_name_8_13-52\">T\u00e9l\u00e9phone<\/label><div class=\"um-clear\"><\/div><\/div><div class=\"um-field-area\"><input  autocomplete=\"off\" class=\"um-form-field valid \" type=\"text\" name=\"last_name_8_13-52\" id=\"last_name_8_13-52\" value=\"\" placeholder=\"\" data-validate=\"\" data-key=\"last_name_8_13\"  aria-invalid=\"false\" \/>\n\n\t\t\t\t\t\t<\/div><\/div><div  id=\"um_field_52_last_name_8_9\" class=\"um-field um-field-text  um-field-last_name_8_9 um-field-text um-field-type_text\" data-key=\"last_name_8_9\"><div class=\"um-field-label\"><label for=\"last_name_8_9-52\">Date de naissance<\/label><div class=\"um-clear\"><\/div><\/div><div class=\"um-field-area\"><input  autocomplete=\"off\" class=\"um-form-field valid \" type=\"text\" name=\"last_name_8_9-52\" id=\"last_name_8_9-52\" value=\"\" placeholder=\"jj\/mm\/yyyy\" data-validate=\"\" data-key=\"last_name_8_9\"  aria-invalid=\"false\" \/>\n\n\t\t\t\t\t\t<\/div><\/div><div  id=\"um_field_52_last_name_8_9_10\" class=\"um-field um-field-text  um-field-last_name_8_9_10 um-field-text um-field-type_text\" data-key=\"last_name_8_9_10\"><div class=\"um-field-label\"><label for=\"last_name_8_9_10-52\">Adresse<\/label><div class=\"um-clear\"><\/div><\/div><div class=\"um-field-area\"><input  autocomplete=\"off\" class=\"um-form-field valid \" type=\"text\" name=\"last_name_8_9_10-52\" id=\"last_name_8_9_10-52\" value=\"\" placeholder=\"\" data-validate=\"\" data-key=\"last_name_8_9_10\"  aria-invalid=\"false\" \/>\n\n\t\t\t\t\t\t<\/div><\/div><div  id=\"um_field_52_last_name_8_9_10_11\" class=\"um-field um-field-text  um-field-last_name_8_9_10_11 um-field-text um-field-type_text\" data-key=\"last_name_8_9_10_11\"><div class=\"um-field-label\"><label for=\"last_name_8_9_10_11-52\">Code Postal<\/label><div class=\"um-clear\"><\/div><\/div><div class=\"um-field-area\"><input  autocomplete=\"off\" class=\"um-form-field valid \" type=\"text\" name=\"last_name_8_9_10_11-52\" id=\"last_name_8_9_10_11-52\" value=\"\" placeholder=\"\" data-validate=\"\" data-key=\"last_name_8_9_10_11\"  aria-invalid=\"false\" \/>\n\n\t\t\t\t\t\t<\/div><\/div><div  id=\"um_field_52_last_name_8_9_10_11_12\" class=\"um-field um-field-text  um-field-last_name_8_9_10_11_12 um-field-text um-field-type_text\" data-key=\"last_name_8_9_10_11_12\"><div class=\"um-field-label\"><label for=\"last_name_8_9_10_11_12-52\">Ville<\/label><div class=\"um-clear\"><\/div><\/div><div class=\"um-field-area\"><input  autocomplete=\"off\" class=\"um-form-field valid \" type=\"text\" name=\"last_name_8_9_10_11_12-52\" id=\"last_name_8_9_10_11_12-52\" value=\"\" placeholder=\"\" data-validate=\"\" data-key=\"last_name_8_9_10_11_12\"  aria-invalid=\"false\" \/>\n\n\t\t\t\t\t\t<\/div><\/div><\/div><\/div>\t<input type=\"hidden\" name=\"form_id\" id=\"form_id_52\" value=\"52\" \/>\n\t\t<p class=\"um_request_name\">\n\t\t<label for=\"um_request_52\">Only fill in if you are not human<\/label>\n\t\t<input type=\"hidden\" name=\"um_request\" id=\"um_request_52\" class=\"input\" value=\"\" size=\"25\" autocomplete=\"off\" \/>\n\t<\/p>\n\t<input type=\"hidden\" id=\"_wpnonce\" name=\"_wpnonce\" value=\"c4ef3decd0\" \/><input type=\"hidden\" name=\"_wp_http_referer\" value=\"\/vi\/wp-json\/wp\/v2\/pages\/60\" \/>\n\t<div class=\"um-col-alt\">\n\n\t\t\n\t\t\t<div class=\"um-left um-half\">\n\t\t\t\t<input type=\"submit\" value=\"Inscription\" class=\"um-button\" id=\"um-submit-btn\" \/>\n\t\t\t<\/div>\n\t\t\t<div class=\"um-right um-half\">\n\t\t\t\t<a href=\"http:\/\/francevietnamgolf.fr\/vi\/login\" class=\"um-button um-alt\">\n\t\t\t\t\tConnexion\t\t\t\t<\/a>\n\t\t\t<\/div>\n\n\t\t\n\t\t<div class=\"um-clear\"><\/div>\n\n\t<\/div>\n\n\t\t\t<\/form>\n\t<\/div>\n<\/div>\n<style>\n\t\t\t.um-52.um {\n\t\t\tmax-width: 450px;\n\t\t}\n\t\t<\/style>\n\n<p>&nbsp;<\/p>\n","protected":false},"excerpt":{"rendered":"<p>&nbsp;<\/p>\n","protected":false},"author":1,"featured_media":0,"parent":82,"menu_order":1,"comment_status":"closed","ping_status":"closed","template":"","meta":{"_bbp_topic_count":0,"_bbp_reply_count":0,"_bbp_total_topic_count":0,"_bbp_total_reply_count":0,"_bbp_voice_count":0,"_bbp_anonymous_reply_count":0,"_bbp_topic_count_hidden":0,"_bbp_reply_count_hidden":0,"_bbp_forum_subforum_count":0,"ngg_post_thumbnail":0,"_mc_calendar":[],"footnotes":""},"class_list":["post-60","page","type-page","status-publish","hentry"],"translation":{"provider":"WPGlobus","version":"3.0.0","language":"vi","enabled_languages":["fr","vi"],"languages":{"fr":{"title":true,"content":true,"excerpt":false},"vi":{"title":true,"content":true,"excerpt":false}}},"_links":{"self":[{"href":"http:\/\/francevietnamgolf.fr\/vi\/wp-json\/wp\/v2\/pages\/60","targetHints":{"allow":["GET"]}}],"collection":[{"href":"http:\/\/francevietnamgolf.fr\/vi\/wp-json\/wp\/v2\/pages"}],"about":[{"href":"http:\/\/francevietnamgolf.fr\/vi\/wp-json\/wp\/v2\/types\/page"}],"author":[{"embeddable":true,"href":"http:\/\/francevietnamgolf.fr\/vi\/wp-json\/wp\/v2\/users\/1"}],"replies":[{"embeddable":true,"href":"http:\/\/francevietnamgolf.fr\/vi\/wp-json\/wp\/v2\/comments?post=60"}],"version-history":[{"count":3,"href":"http:\/\/francevietnamgolf.fr\/vi\/wp-json\/wp\/v2\/pages\/60\/revisions"}],"predecessor-version":[{"id":252,"href":"http:\/\/francevietnamgolf.fr\/vi\/wp-json\/wp\/v2\/pages\/60\/revisions\/252"}],"up":[{"embeddable":true,"href":"http:\/\/francevietnamgolf.fr\/vi\/wp-json\/wp\/v2\/pages\/82"}],"wp:attachment":[{"href":"http:\/\/francevietnamgolf.fr\/vi\/wp-json\/wp\/v2\/media?parent=60"}],"curies":[{"name":"wp","href":"https:\/\/api.w.org\/{rel}","templated":true}]}}