{"id":286,"date":"2018-04-03T12:00:59","date_gmt":"2018-04-03T11:00:59","guid":{"rendered":"http:\/\/francevietnamgolf.fr\/?page_id=286"},"modified":"2019-03-25T06:30:53","modified_gmt":"2019-03-25T05:30:53","slug":"droit-dacces-au-contenu","status":"publish","type":"page","link":"http:\/\/francevietnamgolf.fr\/vi\/droit-dacces-au-contenu","title":{"rendered":"Quy\u1ec1n truy c\u1eadp n\u1ed9i dung"},"content":{"rendered":"<p><span id=\"result_box\" class=\"short_text\" style=\"color: #000080; font-size: 14pt;\" lang=\"vi\"><span class=\"\"><span id=\"result_box\" class=\"short_text\" lang=\"vi\">N\u1ed9i dung n\u00e0y ch\u1ec9 d\u00e0nh cho th\u00e0nh vi\u00ean.<\/span><\/span><\/span><\/p>\n<p><span id=\"result_box\" class=\"short_text\" style=\"font-size: 14pt; color: #000080;\" lang=\"vi\"><span class=\"\">Xin vui l\u00f2ng <a href=\"http:\/\/francevietnamgolf.fr\/vi\/compte\/register\">\u0111\u0103ng k\u00fd<\/a> \u0111\u1ec3 xem b\u00e0i vi\u1ebft.<\/span><\/span><\/p>\n","protected":false},"excerpt":{"rendered":"<p>N\u1ed9i dung n\u00e0y ch\u1ec9 d\u00e0nh cho th\u00e0nh vi\u00ean. Xin vui l\u00f2ng \u0111\u0103ng k\u00fd \u0111\u1ec3 xem b\u00e0i vi\u1ebft.<\/p>\n","protected":false},"author":1,"featured_media":0,"parent":0,"menu_order":0,"comment_status":"closed","ping_status":"closed","template":"","meta":{"_bbp_topic_count":0,"_bbp_reply_count":0,"_bbp_total_topic_count":0,"_bbp_total_reply_count":0,"_bbp_voice_count":0,"_bbp_anonymous_reply_count":0,"_bbp_topic_count_hidden":0,"_bbp_reply_count_hidden":0,"_bbp_forum_subforum_count":0,"ngg_post_thumbnail":0,"_mc_calendar":[],"footnotes":""},"class_list":["post-286","page","type-page","status-publish","hentry"],"translation":{"provider":"WPGlobus","version":"3.0.0","language":"vi","enabled_languages":["fr","vi"],"languages":{"fr":{"title":true,"content":true,"excerpt":false},"vi":{"title":true,"content":true,"excerpt":false}}},"_links":{"self":[{"href":"http:\/\/francevietnamgolf.fr\/vi\/wp-json\/wp\/v2\/pages\/286","targetHints":{"allow":["GET"]}}],"collection":[{"href":"http:\/\/francevietnamgolf.fr\/vi\/wp-json\/wp\/v2\/pages"}],"about":[{"href":"http:\/\/francevietnamgolf.fr\/vi\/wp-json\/wp\/v2\/types\/page"}],"author":[{"embeddable":true,"href":"http:\/\/francevietnamgolf.fr\/vi\/wp-json\/wp\/v2\/users\/1"}],"replies":[{"embeddable":true,"href":"http:\/\/francevietnamgolf.fr\/vi\/wp-json\/wp\/v2\/comments?post=286"}],"version-history":[{"count":3,"href":"http:\/\/francevietnamgolf.fr\/vi\/wp-json\/wp\/v2\/pages\/286\/revisions"}],"predecessor-version":[{"id":291,"href":"http:\/\/francevietnamgolf.fr\/vi\/wp-json\/wp\/v2\/pages\/286\/revisions\/291"}],"wp:attachment":[{"href":"http:\/\/francevietnamgolf.fr\/vi\/wp-json\/wp\/v2\/media?parent=286"}],"curies":[{"name":"wp","href":"https:\/\/api.w.org\/{rel}","templated":true}]}}